{"id":10809,"date":"2025-02-06T05:24:20","date_gmt":"2025-02-06T05:24:20","guid":{"rendered":"https:\/\/islamicheck.azurewebsites.net\/contact-2\/"},"modified":"2025-09-15T20:42:39","modified_gmt":"2025-09-15T15:42:39","slug":"contact","status":"publish","type":"page","link":"https:\/\/islamicheck.de\/en\/contact\/","title":{"rendered":"Contact"},"content":{"rendered":"<div data-elementor-type=\"wp-page\" data-elementor-id=\"10809\" class=\"elementor elementor-10809\" data-elementor-post-type=\"page\">\n\t\t\t\t\t\t<section class=\"elementor-section elementor-top-section elementor-element elementor-element-137ee7cb elementor-section-boxed elementor-section-height-default elementor-section-height-default\" data-id=\"137ee7cb\" data-element_type=\"section\">\n\t\t\t\t\t\t<div class=\"elementor-container elementor-column-gap-default\">\n\t\t\t\t\t<div class=\"elementor-column elementor-col-50 elementor-top-column elementor-element elementor-element-6eec0279\" data-id=\"6eec0279\" data-element_type=\"column\">\n\t\t\t<div class=\"elementor-widget-wrap elementor-element-populated\">\n\t\t\t\t\t\t<div class=\"elementor-element elementor-element-6bacdd0 elementor-widget elementor-widget-heading\" data-id=\"6bacdd0\" data-element_type=\"widget\" data-widget_type=\"heading.default\">\n\t\t\t\t<div class=\"elementor-widget-container\">\n\t\t\t\t\t<h1 class=\"elementor-heading-title elementor-size-default\">Begin Your Spiritual Journey with Confidence <\/h1>\t\t\t\t<\/div>\n\t\t\t\t<\/div>\n\t\t\t\t<div class=\"elementor-element elementor-element-d94111b elementor-widget elementor-widget-text-editor\" data-id=\"d94111b\" data-element_type=\"widget\" data-widget_type=\"text-editor.default\">\n\t\t\t\t<div class=\"elementor-widget-container\">\n\t\t\t\t\t\t\t\t\t<p>Finden Sie die perfekten Hajj- und Umrah-Pakete mit Islamicheck. Ob Sie Fragen haben, Unterst\u00fctzung ben\u00f6tigen oder Feedback geben m\u00f6chten, unser zertifiziertes Team steht Ihnen mit transparenten Ratschl\u00e4gen und professioneller Beratung zur Seite.\u00a0<\/p><p>We do our best to provide you with first-class service and personal support so that you can fully focus on your pilgrimage.\u00a0<\/p>\t\t\t\t\t\t\t\t<\/div>\n\t\t\t\t<\/div>\n\t\t\t\t<div class=\"elementor-element elementor-element-0916b33 elementor-widget elementor-widget-heading\" data-id=\"0916b33\" data-element_type=\"widget\" data-widget_type=\"heading.default\">\n\t\t\t\t<div class=\"elementor-widget-container\">\n\t\t\t\t\t<h2 class=\"elementor-heading-title elementor-size-default\">Your Pilgrimage, Our Promise <\/h2>\t\t\t\t<\/div>\n\t\t\t\t<\/div>\n\t\t\t\t<div class=\"elementor-element elementor-element-7db05df elementor-widget elementor-widget-text-editor\" data-id=\"7db05df\" data-element_type=\"widget\" data-widget_type=\"text-editor.default\">\n\t\t\t\t<div class=\"elementor-widget-container\">\n\t\t\t\t\t\t\t\t\t<p>Sie verdienen eine spirituell bereichernde und perfekt organisierte Reise. Kontaktieren Sie uns noch heute \u2013 lassen Sie sich von der bew\u00e4hrten Expertise und unersch\u00fctterlichen Integrit\u00e4t von Islamicheck nach Mekka f\u00fchren.<\/p>\t\t\t\t\t\t\t\t<\/div>\n\t\t\t\t<\/div>\n\t\t\t\t\t<\/div>\n\t\t<\/div>\n\t\t\t\t<div class=\"elementor-column elementor-col-50 elementor-top-column elementor-element elementor-element-7a689301\" data-id=\"7a689301\" data-element_type=\"column\" data-settings=\"{&quot;background_background&quot;:&quot;classic&quot;}\">\n\t\t\t<div class=\"elementor-widget-wrap elementor-element-populated\">\n\t\t\t\t\t\t<div class=\"elementor-element elementor-element-217decfc elementor-widget elementor-widget-image\" data-id=\"217decfc\" data-element_type=\"widget\" data-widget_type=\"image.default\">\n\t\t\t\t<div class=\"elementor-widget-container\">\n\t\t\t\t\t\t\t\t\t\t\t\t\t\t\t<img fetchpriority=\"high\" decoding=\"async\" width=\"930\" height=\"619\" src=\"https:\/\/islamicheck.de\/wp-content\/uploads\/2025\/05\/Medinas-Al-Masjid-an-Nabawi-The-Prophets-Mosque-is-a-major-pilgrimate-site-for-Muslims.webp\" class=\"attachment-full size-full wp-image-14245\" alt=\"Sorgenfreie Pilgerreise mit IslamiCheck \u2013 Hajj und Umrah Pakete leicht gemacht\" srcset=\"https:\/\/islamicheck.de\/wp-content\/uploads\/2025\/05\/Medinas-Al-Masjid-an-Nabawi-The-Prophets-Mosque-is-a-major-pilgrimate-site-for-Muslims.webp 930w, https:\/\/islamicheck.de\/wp-content\/uploads\/2025\/05\/Medinas-Al-Masjid-an-Nabawi-The-Prophets-Mosque-is-a-major-pilgrimate-site-for-Muslims-300x200.webp 300w, https:\/\/islamicheck.de\/wp-content\/uploads\/2025\/05\/Medinas-Al-Masjid-an-Nabawi-The-Prophets-Mosque-is-a-major-pilgrimate-site-for-Muslims-768x511.webp 768w, https:\/\/islamicheck.de\/wp-content\/uploads\/2025\/05\/Medinas-Al-Masjid-an-Nabawi-The-Prophets-Mosque-is-a-major-pilgrimate-site-for-Muslims-18x12.webp 18w, https:\/\/islamicheck.de\/wp-content\/uploads\/2025\/05\/Medinas-Al-Masjid-an-Nabawi-The-Prophets-Mosque-is-a-major-pilgrimate-site-for-Muslims-600x399.webp 600w\" sizes=\"(max-width: 930px) 100vw, 930px\" \/>\t\t\t\t\t\t\t\t\t\t\t\t\t\t\t<\/div>\n\t\t\t\t<\/div>\n\t\t\t\t\t<\/div>\n\t\t<\/div>\n\t\t\t\t\t<\/div>\n\t\t<\/section>\n\t\t\t\t<section class=\"elementor-section elementor-top-section elementor-element elementor-element-ae5aaec elementor-section-boxed elementor-section-height-default elementor-section-height-default\" data-id=\"ae5aaec\" data-element_type=\"section\">\n\t\t\t\t\t\t<div class=\"elementor-container elementor-column-gap-default\">\n\t\t\t\t\t<div class=\"elementor-column elementor-col-50 elementor-top-column elementor-element elementor-element-dad7d93\" data-id=\"dad7d93\" data-element_type=\"column\">\n\t\t\t<div class=\"elementor-widget-wrap elementor-element-populated\">\n\t\t\t\t\t\t<div class=\"elementor-element elementor-element-77eff38 elementor-widget elementor-widget-heading\" data-id=\"77eff38\" data-element_type=\"widget\" data-widget_type=\"heading.default\">\n\t\t\t\t<div class=\"elementor-widget-container\">\n\t\t\t\t\t<h2 class=\"elementor-heading-title elementor-size-default\">Contact Form <\/h2>\t\t\t\t<\/div>\n\t\t\t\t<\/div>\n\t\t\t\t<div class=\"elementor-element elementor-element-58aa78f elementor-button-align-start elementor-mobile-button-align-center elementor-widget elementor-widget-form\" data-id=\"58aa78f\" data-element_type=\"widget\" data-settings=\"{&quot;step_next_label&quot;:&quot;Next&quot;,&quot;step_previous_label&quot;:&quot;Previous&quot;,&quot;button_width&quot;:&quot;100&quot;,&quot;step_type&quot;:&quot;number_text&quot;,&quot;step_icon_shape&quot;:&quot;circle&quot;}\" data-widget_type=\"form.default\">\n\t\t\t\t<div class=\"elementor-widget-container\">\n\t\t\t\t\t\t\t<form class=\"elementor-form\" method=\"post\" name=\"Contact Form\" aria-label=\"Contact Form\" action=\"\">\n\t\t\t<input type=\"hidden\" name=\"post_id\" value=\"10809\"\/>\n\t\t\t<input type=\"hidden\" name=\"form_id\" value=\"58aa78f\"\/>\n\t\t\t<input type=\"hidden\" name=\"referer_title\" value=\"Kontaktieren Sie IslamiCheck | Hajj &amp; Umrah\u202fSupport\" \/>\n\n\t\t\t\t\t\t\t<input type=\"hidden\" name=\"queried_id\" value=\"10809\"\/>\n\t\t\t\n\t\t\t<div class=\"elementor-form-fields-wrapper elementor-labels-\">\n\t\t\t\t\t\t\t\t<div class=\"elementor-field-type-text elementor-field-group elementor-column elementor-field-group-name elementor-col-100\">\n\t\t\t\t\t\t\t\t\t\t\t\t<label for=\"form-field-name\" class=\"elementor-field-label elementor-screen-only\">\n\t\t\t\t\t\t\t\tName\t\t\t\t\t\t\t<\/label>\n\t\t\t\t\t\t\t\t\t\t\t\t\t\t<input size=\"1\" type=\"text\" name=\"form_fields[name]\" id=\"form-field-name\" class=\"elementor-field elementor-size-md  elementor-field-textual\" placeholder=\"Name\">\n\t\t\t\t\t\t\t\t\t\t\t<\/div>\n\t\t\t\t\t\t\t\t<div class=\"elementor-field-type-email elementor-field-group elementor-column elementor-field-group-email elementor-col-100 elementor-field-required\">\n\t\t\t\t\t\t\t\t\t\t\t\t<label for=\"form-field-email\" class=\"elementor-field-label elementor-screen-only\">\n\t\t\t\t\t\t\t\tE-mail\t\t\t\t\t\t\t<\/label>\n\t\t\t\t\t\t\t\t\t\t\t\t\t\t<input size=\"1\" type=\"email\" name=\"form_fields[email]\" id=\"form-field-email\" class=\"elementor-field elementor-size-md  elementor-field-textual\" placeholder=\"E-mail\" required=\"required\">\n\t\t\t\t\t\t\t\t\t\t\t<\/div>\n\t\t\t\t\t\t\t\t<div class=\"elementor-field-type-textarea elementor-field-group elementor-column elementor-field-group-message elementor-col-100\">\n\t\t\t\t\t\t\t\t\t\t\t\t<label for=\"form-field-message\" class=\"elementor-field-label elementor-screen-only\">\n\t\t\t\t\t\t\t\tMessage\t\t\t\t\t\t\t<\/label>\n\t\t\t\t\t\t<textarea class=\"elementor-field-textual elementor-field  elementor-size-md\" name=\"form_fields[message]\" id=\"form-field-message\" rows=\"4\" placeholder=\"Message\"><\/textarea>\t\t\t\t<\/div>\n\t\t\t\t\t\t\t\t<div class=\"elementor-field-type-recaptcha elementor-field-group elementor-column elementor-field-group-field_c02e0e6 elementor-col-100\">\n\t\t\t\t\t<div class=\"elementor-field\" id=\"form-field-field_c02e0e6\"><div class=\"elementor-g-recaptcha\" data-sitekey=\"6LcGuZErAAAAAODhLSvg6CELyg6jAOn8WytEOahh\" data-type=\"v2_checkbox\" data-theme=\"light\" data-size=\"normal\"><\/div><\/div>\t\t\t\t<\/div>\n\t\t\t\t\t\t\t\t<div class=\"elementor-field-group elementor-column elementor-field-type-submit elementor-col-100 e-form__buttons\">\n\t\t\t\t\t<button class=\"elementor-button elementor-size-md\" type=\"submit\">\n\t\t\t\t\t\t<span class=\"elementor-button-content-wrapper\">\n\t\t\t\t\t\t\t\t\t\t\t\t\t\t\t\t\t\t\t\t\t\t<span class=\"elementor-button-text\">Submit<\/span>\n\t\t\t\t\t\t\t\t\t\t\t\t\t<\/span>\n\t\t\t\t\t<\/button>\n\t\t\t\t<\/div>\n\t\t\t<\/div>\n\t\t<input type=\"hidden\" name=\"trp-form-language\" value=\"en\"\/><\/form>\n\t\t\t\t\t\t<\/div>\n\t\t\t\t<\/div>\n\t\t\t\t\t<\/div>\n\t\t<\/div>\n\t\t\t\t<div class=\"elementor-column elementor-col-50 elementor-top-column elementor-element elementor-element-885075e\" data-id=\"885075e\" data-element_type=\"column\" data-settings=\"{&quot;background_background&quot;:&quot;classic&quot;}\">\n\t\t\t<div class=\"elementor-widget-wrap elementor-element-populated\">\n\t\t\t\t\t\t<div class=\"elementor-element elementor-element-669d90c elementor-widget elementor-widget-heading\" data-id=\"669d90c\" data-element_type=\"widget\" data-widget_type=\"heading.default\">\n\t\t\t\t<div class=\"elementor-widget-container\">\n\t\t\t\t\t<h2 class=\"elementor-heading-title elementor-size-default\">Contact Us <\/h2>\t\t\t\t<\/div>\n\t\t\t\t<\/div>\n\t\t\t\t<div class=\"elementor-element elementor-element-529ce43 elementor-widget elementor-widget-text-editor\" data-id=\"529ce43\" data-element_type=\"widget\" data-widget_type=\"text-editor.default\">\n\t\t\t\t<div class=\"elementor-widget-container\">\n\t\t\t\t\t\t\t\t\t<p class=\"address\">Tel.: +49 2663 9790 105<\/p><p class=\"address\">E-Mail: <a style=\"color: #ffffff;\" href=\"mailto:info@islamicheck.de\" target=\"_self\">info@islamicheck.de<\/a><\/p><p class=\"address\">Adresse: Marktplatz 10a, 56457 Westerburg<\/p>\t\t\t\t\t\t\t\t<\/div>\n\t\t\t\t<\/div>\n\t\t\t\t\t<\/div>\n\t\t<\/div>\n\t\t\t\t\t<\/div>\n\t\t<\/section>\n\t\t<div class=\"elementor-element elementor-element-2b877885 e-flex e-con-boxed e-con e-parent\" data-id=\"2b877885\" data-element_type=\"container\">\n\t\t\t\t\t<div class=\"e-con-inner\">\n\t\t\t\t<div class=\"elementor-element elementor-element-448fe5e0 elementor-widget elementor-widget-google_maps\" data-id=\"448fe5e0\" data-element_type=\"widget\" data-widget_type=\"google_maps.default\">\n\t\t\t\t<div class=\"elementor-widget-container\">\n\t\t\t\t\t\t\t<div class=\"elementor-custom-embed\">\n\t\t\t<iframe\n\t\t\t\t\tdata-src=\"https:\/\/maps.google.com\/maps?q=Marktplatz%2010a%20%20%2056457%20Westerburg%20%20%20Germany&#038;t=m&#038;z=10&#038;output=embed&#038;iwloc=near\"\n\t\t\t\t\ttitle=\"Marktplatz 10a   56457 Westerburg   Germany\"\n\t\t\t\t\taria-label=\"Marktplatz 10a   56457 Westerburg   Germany\"\n\t\t\t src=\"data:image\/svg+xml;base64,PHN2ZyB3aWR0aD0iMSIgaGVpZ2h0PSIxIiB4bWxucz0iaHR0cDovL3d3dy53My5vcmcvMjAwMC9zdmciPjwvc3ZnPg==\" class=\"lazyload\" data-load-mode=\"1\"><\/iframe>\n\t\t<\/div>\n\t\t\t\t\t\t<\/div>\n\t\t\t\t<\/div>\n\t\t\t\t\t<\/div>\n\t\t\t\t<\/div>\n\t\t\t\t<\/div>","protected":false},"excerpt":{"rendered":"<p>Beginnen Sie Ihre spirituelle Reise ohne Bedenken Finden Sie die perfekten Hajj- und Umrah-Pakete mit Islamicheck. Ob Sie Fragen haben, [&hellip;]<\/p>","protected":false},"author":104,"featured_media":0,"parent":0,"menu_order":0,"comment_status":"closed","ping_status":"closed","template":"","meta":{"_acf_changed":false,"site-sidebar-layout":"default","site-content-layout":"","ast-site-content-layout":"default","site-content-style":"default","site-sidebar-style":"default","ast-global-header-display":"","ast-banner-title-visibility":"","ast-main-header-display":"","ast-hfb-above-header-display":"","ast-hfb-below-header-display":"","ast-hfb-mobile-header-display":"","site-post-title":"","ast-breadcrumbs-content":"","ast-featured-img":"","footer-sml-layout":"","theme-transparent-header-meta":"default","adv-header-id-meta":"","stick-header-meta":"","header-above-stick-meta":"","header-main-stick-meta":"","header-below-stick-meta":"","astra-migrate-meta-layouts":"set","ast-page-background-enabled":"default","ast-page-background-meta":{"desktop":{"background-color":"var(--ast-global-color-5)","background-image":"","background-repeat":"repeat","background-position":"center center","background-size":"auto","background-attachment":"scroll","background-type":"","background-media":"","overlay-type":"","overlay-color":"","overlay-opacity":"","overlay-gradient":""},"tablet":{"background-color":"","background-image":"","background-repeat":"repeat","background-position":"center center","background-size":"auto","background-attachment":"scroll","background-type":"","background-media":"","overlay-type":"","overlay-color":"","overlay-opacity":"","overlay-gradient":""},"mobile":{"background-color":"","background-image":"","background-repeat":"repeat","background-position":"center center","background-size":"auto","background-attachment":"scroll","background-type":"","background-media":"","overlay-type":"","overlay-color":"","overlay-opacity":"","overlay-gradient":""}},"ast-content-background-meta":{"desktop":{"background-color":"var(--ast-global-color-4)","background-image":"","background-repeat":"repeat","background-position":"center center","background-size":"auto","background-attachment":"scroll","background-type":"","background-media":"","overlay-type":"","overlay-color":"","overlay-opacity":"","overlay-gradient":""},"tablet":{"background-color":"var(--ast-global-color-4)","background-image":"","background-repeat":"repeat","background-position":"center center","background-size":"auto","background-attachment":"scroll","background-type":"","background-media":"","overlay-type":"","overlay-color":"","overlay-opacity":"","overlay-gradient":""},"mobile":{"background-color":"var(--ast-global-color-4)","background-image":"","background-repeat":"repeat","background-position":"center center","background-size":"auto","background-attachment":"scroll","background-type":"","background-media":"","overlay-type":"","overlay-color":"","overlay-opacity":"","overlay-gradient":""}},"footnotes":""},"class_list":["post-10809","page","type-page","status-publish","hentry"],"acf":[],"yoast_head":"<!-- This site is optimized with the Yoast SEO plugin v25.8 - https:\/\/yoast.com\/wordpress\/plugins\/seo\/ -->\n<title>Kontaktieren Sie IslamiCheck | Hajj &amp; Umrah\u202fSupport<\/title>\n<meta name=\"description\" content=\"Fragen zu Hajj oder Umrah? Kontaktieren Sie uns jetzt wir helfen Ihnen gerne weiter. IslamiCheck Ihr Partner f\u00fcr sichere Pilgerreisen.\" \/>\n<meta name=\"robots\" content=\"index, follow, max-snippet:-1, max-image-preview:large, max-video-preview:-1\" \/>\n<link rel=\"canonical\" href=\"https:\/\/islamicheck.de\/en\/contact\/\" \/>\n<meta property=\"og:locale\" content=\"en_US\" \/>\n<meta property=\"og:type\" content=\"article\" \/>\n<meta property=\"og:title\" content=\"Kontaktieren Sie IslamiCheck | Hajj &amp; Umrah\u202fSupport\" \/>\n<meta property=\"og:description\" content=\"Fragen zu Hajj oder Umrah? Kontaktieren Sie uns jetzt wir helfen Ihnen gerne weiter. IslamiCheck Ihr Partner f\u00fcr sichere Pilgerreisen.\" \/>\n<meta property=\"og:url\" content=\"https:\/\/islamicheck.de\/en\/contact\/\" \/>\n<meta property=\"og:site_name\" content=\"islamicheck\" \/>\n<meta property=\"article:modified_time\" content=\"2025-09-15T15:42:39+00:00\" \/>\n<meta property=\"og:image\" content=\"https:\/\/islamicheck.de\/wp-content\/uploads\/2025\/05\/Medinas-Al-Masjid-an-Nabawi-The-Prophets-Mosque-is-a-major-pilgrimate-site-for-Muslims.webp\" \/>\n\t<meta property=\"og:image:width\" content=\"930\" \/>\n\t<meta property=\"og:image:height\" content=\"619\" \/>\n\t<meta property=\"og:image:type\" content=\"image\/webp\" \/>\n<meta name=\"twitter:card\" content=\"summary_large_image\" \/>\n<meta name=\"twitter:label1\" content=\"Est. reading time\" \/>\n\t<meta name=\"twitter:data1\" content=\"1 minute\" \/>\n<script type=\"application\/ld+json\" class=\"yoast-schema-graph\">{\"@context\":\"https:\/\/schema.org\",\"@graph\":[{\"@type\":\"WebPage\",\"@id\":\"https:\/\/islamicheck.de\/contact\/\",\"url\":\"https:\/\/islamicheck.de\/contact\/\",\"name\":\"Kontaktieren Sie IslamiCheck | Hajj & Umrah\u202fSupport\",\"isPartOf\":{\"@id\":\"https:\/\/islamicheck.de\/#website\"},\"primaryImageOfPage\":{\"@id\":\"https:\/\/islamicheck.de\/contact\/#primaryimage\"},\"image\":{\"@id\":\"https:\/\/islamicheck.de\/contact\/#primaryimage\"},\"thumbnailUrl\":\"https:\/\/islamicheck.de\/wp-content\/uploads\/2025\/05\/Medinas-Al-Masjid-an-Nabawi-The-Prophets-Mosque-is-a-major-pilgrimate-site-for-Muslims.webp\",\"datePublished\":\"2025-02-06T05:24:20+00:00\",\"dateModified\":\"2025-09-15T15:42:39+00:00\",\"description\":\"Fragen zu Hajj oder Umrah? Kontaktieren Sie uns jetzt wir helfen Ihnen gerne weiter. IslamiCheck Ihr Partner f\u00fcr sichere Pilgerreisen.\",\"breadcrumb\":{\"@id\":\"https:\/\/islamicheck.de\/contact\/#breadcrumb\"},\"inLanguage\":\"en-US\",\"potentialAction\":[{\"@type\":\"ReadAction\",\"target\":[\"https:\/\/islamicheck.de\/contact\/\"]}]},{\"@type\":\"ImageObject\",\"inLanguage\":\"en-US\",\"@id\":\"https:\/\/islamicheck.de\/contact\/#primaryimage\",\"url\":\"https:\/\/islamicheck.de\/wp-content\/uploads\/2025\/05\/Medinas-Al-Masjid-an-Nabawi-The-Prophets-Mosque-is-a-major-pilgrimate-site-for-Muslims.webp\",\"contentUrl\":\"https:\/\/islamicheck.de\/wp-content\/uploads\/2025\/05\/Medinas-Al-Masjid-an-Nabawi-The-Prophets-Mosque-is-a-major-pilgrimate-site-for-Muslims.webp\"},{\"@type\":\"BreadcrumbList\",\"@id\":\"https:\/\/islamicheck.de\/contact\/#breadcrumb\",\"itemListElement\":[{\"@type\":\"ListItem\",\"position\":1,\"name\":\"Home\",\"item\":\"https:\/\/islamicheck.de\/\"},{\"@type\":\"ListItem\",\"position\":2,\"name\":\"Contact\"}]},{\"@type\":\"WebSite\",\"@id\":\"https:\/\/islamicheck.de\/#website\",\"url\":\"https:\/\/islamicheck.de\/\",\"name\":\"islamicheck\",\"description\":\"\",\"publisher\":{\"@id\":\"https:\/\/islamicheck.de\/#organization\"},\"potentialAction\":[{\"@type\":\"SearchAction\",\"target\":{\"@type\":\"EntryPoint\",\"urlTemplate\":\"https:\/\/islamicheck.de\/?s={search_term_string}\"},\"query-input\":{\"@type\":\"PropertyValueSpecification\",\"valueRequired\":true,\"valueName\":\"search_term_string\"}}],\"inLanguage\":\"en-US\"},{\"@type\":\"Organization\",\"@id\":\"https:\/\/islamicheck.de\/#organization\",\"name\":\"islamicheck\",\"url\":\"https:\/\/islamicheck.de\/\",\"logo\":{\"@type\":\"ImageObject\",\"inLanguage\":\"en-US\",\"@id\":\"https:\/\/islamicheck.de\/#\/schema\/logo\/image\/\",\"url\":\"https:\/\/islamicheck.de\/wp-content\/uploads\/2025\/02\/Islamicheck-New-Logo-03.webp\",\"contentUrl\":\"https:\/\/islamicheck.de\/wp-content\/uploads\/2025\/02\/Islamicheck-New-Logo-03.webp\",\"width\":1327,\"height\":471,\"caption\":\"islamicheck\"},\"image\":{\"@id\":\"https:\/\/islamicheck.de\/#\/schema\/logo\/image\/\"}}]}<\/script>\n<!-- \/ Yoast SEO plugin. -->","yoast_head_json":{"title":"Kontaktieren Sie IslamiCheck | Hajj & Umrah\u202fSupport","description":"Fragen zu Hajj oder Umrah? Kontaktieren Sie uns jetzt wir helfen Ihnen gerne weiter. IslamiCheck Ihr Partner f\u00fcr sichere Pilgerreisen.","robots":{"index":"index","follow":"follow","max-snippet":"max-snippet:-1","max-image-preview":"max-image-preview:large","max-video-preview":"max-video-preview:-1"},"canonical":"https:\/\/islamicheck.de\/en\/contact\/","og_locale":"en_US","og_type":"article","og_title":"Kontaktieren Sie IslamiCheck | Hajj & Umrah\u202fSupport","og_description":"Fragen zu Hajj oder Umrah? Kontaktieren Sie uns jetzt wir helfen Ihnen gerne weiter. IslamiCheck Ihr Partner f\u00fcr sichere Pilgerreisen.","og_url":"https:\/\/islamicheck.de\/en\/contact\/","og_site_name":"islamicheck","article_modified_time":"2025-09-15T15:42:39+00:00","og_image":[{"width":930,"height":619,"url":"https:\/\/islamicheck.de\/wp-content\/uploads\/2025\/05\/Medinas-Al-Masjid-an-Nabawi-The-Prophets-Mosque-is-a-major-pilgrimate-site-for-Muslims.webp","type":"image\/webp"}],"twitter_card":"summary_large_image","twitter_misc":{"Est. reading time":"1 minute"},"schema":{"@context":"https:\/\/schema.org","@graph":[{"@type":"WebPage","@id":"https:\/\/islamicheck.de\/contact\/","url":"https:\/\/islamicheck.de\/contact\/","name":"Kontaktieren Sie IslamiCheck | Hajj & Umrah\u202fSupport","isPartOf":{"@id":"https:\/\/islamicheck.de\/#website"},"primaryImageOfPage":{"@id":"https:\/\/islamicheck.de\/contact\/#primaryimage"},"image":{"@id":"https:\/\/islamicheck.de\/contact\/#primaryimage"},"thumbnailUrl":"https:\/\/islamicheck.de\/wp-content\/uploads\/2025\/05\/Medinas-Al-Masjid-an-Nabawi-The-Prophets-Mosque-is-a-major-pilgrimate-site-for-Muslims.webp","datePublished":"2025-02-06T05:24:20+00:00","dateModified":"2025-09-15T15:42:39+00:00","description":"Fragen zu Hajj oder Umrah? Kontaktieren Sie uns jetzt wir helfen Ihnen gerne weiter. IslamiCheck Ihr Partner f\u00fcr sichere Pilgerreisen.","breadcrumb":{"@id":"https:\/\/islamicheck.de\/contact\/#breadcrumb"},"inLanguage":"en-US","potentialAction":[{"@type":"ReadAction","target":["https:\/\/islamicheck.de\/contact\/"]}]},{"@type":"ImageObject","inLanguage":"en-US","@id":"https:\/\/islamicheck.de\/contact\/#primaryimage","url":"https:\/\/islamicheck.de\/wp-content\/uploads\/2025\/05\/Medinas-Al-Masjid-an-Nabawi-The-Prophets-Mosque-is-a-major-pilgrimate-site-for-Muslims.webp","contentUrl":"https:\/\/islamicheck.de\/wp-content\/uploads\/2025\/05\/Medinas-Al-Masjid-an-Nabawi-The-Prophets-Mosque-is-a-major-pilgrimate-site-for-Muslims.webp"},{"@type":"BreadcrumbList","@id":"https:\/\/islamicheck.de\/contact\/#breadcrumb","itemListElement":[{"@type":"ListItem","position":1,"name":"Home","item":"https:\/\/islamicheck.de\/"},{"@type":"ListItem","position":2,"name":"Contact"}]},{"@type":"WebSite","@id":"https:\/\/islamicheck.de\/#website","url":"https:\/\/islamicheck.de\/","name":"islamicheck","description":"","publisher":{"@id":"https:\/\/islamicheck.de\/#organization"},"potentialAction":[{"@type":"SearchAction","target":{"@type":"EntryPoint","urlTemplate":"https:\/\/islamicheck.de\/?s={search_term_string}"},"query-input":{"@type":"PropertyValueSpecification","valueRequired":true,"valueName":"search_term_string"}}],"inLanguage":"en-US"},{"@type":"Organization","@id":"https:\/\/islamicheck.de\/#organization","name":"islamicheck","url":"https:\/\/islamicheck.de\/","logo":{"@type":"ImageObject","inLanguage":"en-US","@id":"https:\/\/islamicheck.de\/#\/schema\/logo\/image\/","url":"https:\/\/islamicheck.de\/wp-content\/uploads\/2025\/02\/Islamicheck-New-Logo-03.webp","contentUrl":"https:\/\/islamicheck.de\/wp-content\/uploads\/2025\/02\/Islamicheck-New-Logo-03.webp","width":1327,"height":471,"caption":"islamicheck"},"image":{"@id":"https:\/\/islamicheck.de\/#\/schema\/logo\/image\/"}}]}},"_links":{"self":[{"href":"https:\/\/islamicheck.de\/en\/wp-json\/wp\/v2\/pages\/10809","targetHints":{"allow":["GET"]}}],"collection":[{"href":"https:\/\/islamicheck.de\/en\/wp-json\/wp\/v2\/pages"}],"about":[{"href":"https:\/\/islamicheck.de\/en\/wp-json\/wp\/v2\/types\/page"}],"author":[{"embeddable":true,"href":"https:\/\/islamicheck.de\/en\/wp-json\/wp\/v2\/users\/104"}],"replies":[{"embeddable":true,"href":"https:\/\/islamicheck.de\/en\/wp-json\/wp\/v2\/comments?post=10809"}],"version-history":[{"count":0,"href":"https:\/\/islamicheck.de\/en\/wp-json\/wp\/v2\/pages\/10809\/revisions"}],"wp:attachment":[{"href":"https:\/\/islamicheck.de\/en\/wp-json\/wp\/v2\/media?parent=10809"}],"curies":[{"name":"wp","href":"https:\/\/api.w.org\/{rel}","templated":true}]}}