{"id":14827,"date":"2025-06-14T17:58:25","date_gmt":"2025-06-14T12:58:25","guid":{"rendered":"https:\/\/islamicheck.azurewebsites.net\/?post_type=product&#038;p=14827"},"modified":"2025-07-17T16:13:59","modified_gmt":"2025-07-17T11:13:59","slug":"august-umrah-vierbett-5-15-2025-august","status":"publish","type":"product","link":"https:\/\/islamicheck.de\/en\/shop\/august-umrah-vierbett-5-15-2025-august\/","title":{"rendered":"August Umrah &#8211; Vierbett \u2013 5. \u2013 15. 2025 August"},"content":{"rendered":"<p><span>Unterkunft<\/span><\/p>\n<ul>\n<li><b><span><span class=\"\">Hotel in Mekka: 5 N\u00e4chte<\/span><\/span><\/b><span><span class=\"\"> in Mekka im <\/span><\/span><b><span><span class=\"\">\u201eMakarem Um Al Qura\u201c<\/span><\/span><\/b><\/li>\n<li><b><span><span class=\"\">Hotel in Medina<\/span><\/span><\/b><span><span class=\"\"> : <\/span><\/span><strong><span><span class=\"\">5 <\/span><\/span><\/strong> <strong><span><span class=\"\">N\u00e4chte<\/span><\/span><\/strong><span><span class=\"\"> in Medina im <\/span><\/span><b><span><span class=\"\">\u201eHayah Golden Hotel\u201c<\/span><\/span><\/b><\/li>\n<\/ul>\n<p><strong><\/p>\n<p>Wir werden 5 Tage in Medinah bleiben und w\u00e4hrend dieses Aufenthalts wird es eine Tour durch Medinah (Mazaret) geben.<\/strong><\/p>\n<p><strong><span>Abfahrt nach Mekka und Durchf\u00fchrung der Umrah. <\/span><\/strong><br \/>\n<strong><span>Wir bringen Sie in einem vollklimatisierten Bus von Medina nach Mekka, wo Sie am selben Tag Ihre Umrah durchf\u00fchren.<\/span><\/strong><\/p>\n<p><strong><span>Wir werden 5 Tage in Mekka bleiben und w\u00e4hrend dieses Aufenthalts wird es eine Tour durch Mekka (Mazaret) geben.<\/span><\/strong><\/p>\n<p><strong><span>Letzte Nacht in Mekka. In der Nacht findet eine Abschiedszeremonie statt, um sich von Mekka zu verabschieden.<\/span><\/strong><\/p>\n<p>&nbsp;<\/p>\n<p>Hinweis:<\/p>\n<div class=\"btTourSingleInclude\">\n<div class=\"btTourSingleIncludeTitle\">Im Preis enthalten<\/div>\n<div class=\"btTourSingleIncludeContent\">\n<ul class=\"btIncludedItems\">\n<li><span class=\"\">Bustransfers<\/span><\/li>\n<li>Fl\u00fcge<\/li>\n<li>Bodendienste in Saudi-Arabien<\/li>\n<li>Hotelunterkunft<\/li>\n<li>Visabeschaffung<\/li>\n<li>Rawdah &#8211; Reservierungsticket in Madinah<\/li>\n<\/ul>\n<p>&nbsp;<\/p>\n<p>Im Preis nicht enthalten:<\/p>\n<div class=\"btTourSingleIncludeTitle\"><\/div>\n<div class=\"btTourSingleIncludeContent\">\n<ul class=\"btExcludedItems\">\n<li>Krankenhausaufenthalte und Krankenhauskosten<\/li>\n<li>Zugtransfers<\/li>\n<\/ul>\n<\/div>\n<p>Zus\u00e4tzliche Hinweise:<\/p>\n<div class=\"btTourSingleIncludeTitle\"><\/div>\n<div class=\"btTourSingleIncludeContent\"><span class=\"btTourSingleIncludeContentAdditionalInformation\"><strong><span>Hinweis 1:<\/span><\/strong><span> Die genauen Abflugtage k\u00f6nnen je nach Fluggesellschaft um 1-2 Tage abweichen.<\/span><\/span><\/div>\n<div class=\"btTourSingleIncludeContent\"><span class=\"btTourSingleIncludeContentAdditionalInformation\"><strong><span>Hinweis 2:<\/span><\/strong><span> Programm\u00e4nderungen vorbehalten<\/span><\/span><\/div>\n<div>Hinweis<strong> 3<\/strong>: Wir k\u00f6nnen mit Aufpreis auch f\u00fcr Einzelpersonen mit beliebigen Fluggesellschaften\u00a0 Pakete anbieten.<\/div>\n<div><strong>Hinweis 4:<\/strong> Je nach Abflugflughafen k\u00f6nnen bis zu 49 Personen mitreisen. Bitte schicken Sie uns eine Anfrage an info@islamicheck.de<\/div>\n<\/div>\n<\/div>","protected":false},"excerpt":{"rendered":"<p>5 Tage Medinah<\/p>\n<p>5 Tage Mekkah<\/p>","protected":false},"featured_media":0,"comment_status":"open","ping_status":"closed","template":"","meta":{"_acf_changed":false,"site-sidebar-layout":"default","site-content-layout":"","ast-site-content-layout":"default","site-content-style":"default","site-sidebar-style":"default","ast-global-header-display":"","ast-banner-title-visibility":"","ast-main-header-display":"","ast-hfb-above-header-display":"","ast-hfb-below-header-display":"","ast-hfb-mobile-header-display":"","site-post-title":"","ast-breadcrumbs-content":"","ast-featured-img":"","footer-sml-layout":"","theme-transparent-header-meta":"default","adv-header-id-meta":"","stick-header-meta":"","header-above-stick-meta":"","header-main-stick-meta":"","header-below-stick-meta":"","astra-migrate-meta-layouts":"set","ast-page-background-enabled":"default","ast-page-background-meta":{"desktop":{"background-color":"var(--ast-global-color-5)","background-image":"","background-repeat":"repeat","background-position":"center center","background-size":"auto","background-attachment":"scroll","background-type":"","background-media":"","overlay-type":"","overlay-color":"","overlay-opacity":"","overlay-gradient":""},"tablet":{"background-color":"","background-image":"","background-repeat":"repeat","background-position":"center center","background-size":"auto","background-attachment":"scroll","background-type":"","background-media":"","overlay-type":"","overlay-color":"","overlay-opacity":"","overlay-gradient":""},"mobile":{"background-color":"","background-image":"","background-repeat":"repeat","background-position":"center center","background-size":"auto","background-attachment":"scroll","background-type":"","background-media":"","overlay-type":"","overlay-color":"","overlay-opacity":"","overlay-gradient":""}},"ast-content-background-meta":{"desktop":{"background-color":"var(--ast-global-color-4)","background-image":"","background-repeat":"repeat","background-position":"center center","background-size":"auto","background-attachment":"scroll","background-type":"","background-media":"","overlay-type":"","overlay-color":"","overlay-opacity":"","overlay-gradient":""},"tablet":{"background-color":"var(--ast-global-color-4)","background-image":"","background-repeat":"repeat","background-position":"center center","background-size":"auto","background-attachment":"scroll","background-type":"","background-media":"","overlay-type":"","overlay-color":"","overlay-opacity":"","overlay-gradient":""},"mobile":{"background-color":"var(--ast-global-color-4)","background-image":"","background-repeat":"repeat","background-position":"center center","background-size":"auto","background-attachment":"scroll","background-type":"","background-media":"","overlay-type":"","overlay-color":"","overlay-opacity":"","overlay-gradient":""}}},"product_brand":[],"product_cat":[38],"product_tag":[],"class_list":{"0":"post-14827","1":"product","2":"type-product","3":"status-publish","5":"product_cat-umrah","6":"desktop-align-left","7":"tablet-align-left","8":"mobile-align-left","10":"first","11":"instock","12":"virtual","13":"purchasable","14":"product-type-simple"},"exclude_global_add_ons":false,"addons":[{"name":"Zimmerart","type":"multiple_choice","position":0,"required":false,"title_format":"heading","default":"","description_enable":true,"description":"Hier k\u00f6nnen Sie mit Aufpreis eine andere Zimmerart buchen. Der Aufpreis bezieht sich auf die gesamten zehn Tage.","placeholder_enable":false,"placeholder":"","display":"radiobutton","restrictions_type":"any_text","adjust_price":false,"price":"","price_type":"flat_fee","restrictions":false,"min":"0","max":"0","options":[{"label":"Einzelbett","price":"750","price_type":"flat_fee","image":0,"visibility":true},{"label":"Doppelbett","price":"250","price_type":"flat_fee","image":0,"visibility":true},{"label":"Dreibettzimmer","price":"90","price_type":"flat_fee","image":0,"visibility":true}],"id":0},{"name":"Verpflegung","type":"multiple_choice","position":1,"required":false,"title_format":"heading","default":"","description_enable":true,"description":"Hier k\u00f6nnen Sie Fr\u00fchst\u00fcck und Abendessen dazubuchen. Das bezieht sich auf den gesamten Zeitraum von 10 Tagen.","placeholder_enable":false,"placeholder":"","display":"radiobutton","restrictions_type":"any_text","adjust_price":false,"price":"","price_type":"flat_fee","restrictions":false,"min":"0","max":"0","options":[{"label":"Fr\u00fchst\u00fcck","price":"100","price_type":"flat_fee","image":0,"visibility":true},{"label":"Abendessen","price":"150","price_type":"flat_fee","image":0,"visibility":true},{"label":"Fr\u00fchst\u00fcck","price":"100","price_type":"flat_fee","image":0,"visibility":true},{"label":"Abendessen","price":"150","price_type":"flat_fee","image":0,"visibility":true},{"label":"Fr\u00fchst\u00fcck","price":"100","price_type":"flat_fee","image":0,"visibility":true},{"label":"Abendessen","price":"150","price_type":"flat_fee","image":0,"visibility":true},{"label":"Fr\u00fchst\u00fcck","price":"100","price_type":"flat_fee","image":0,"visibility":true},{"label":"Abendessen","price":"150","price_type":"flat_fee","image":0,"visibility":true}],"id":0},{"name":"Kleinkinder \/ Kinder","type":"multiple_choice","position":2,"required":false,"title_format":"label","default":"","description_enable":true,"description":"Hier k\u00f6nnen Sie Kinder und Kleinkinder zur Buchung hinzuf\u00fcgen. Die Preise beziehen sich hier auf die gesamte Dauer der Reise.","placeholder_enable":false,"placeholder":"","display":"radiobutton","restrictions_type":"any_text","adjust_price":false,"price":"","price_type":"flat_fee","restrictions":false,"min":"0","max":"0","options":[{"label":"Kleinkind","price":"390","price_type":"flat_fee","image":0,"visibility":true},{"label":"Kind","price":"1650","price_type":"flat_fee","image":0,"visibility":true},{"label":"Kleinkind","price":"390","price_type":"flat_fee","image":0,"visibility":true},{"label":"Kind","price":"1650","price_type":"flat_fee","image":0,"visibility":true},{"label":"Kleinkind","price":"390","price_type":"flat_fee","image":0,"visibility":true},{"label":"Kind","price":"1650","price_type":"flat_fee","image":0,"visibility":true},{"label":"Kleinkind","price":"390","price_type":"flat_fee","image":0,"visibility":true},{"label":"Kind","price":"1650","price_type":"flat_fee","image":0,"visibility":true},{"label":"Kleinkind","price":"390","price_type":"flat_fee","image":0,"visibility":true},{"label":"Kind","price":"1650","price_type":"flat_fee","image":0,"visibility":true},{"label":"Kleinkind","price":"390","price_type":"flat_fee","image":0,"visibility":true},{"label":"Kind","price":"1650","price_type":"flat_fee","image":0,"visibility":true}],"id":2227},{"name":"Gescannter Reisepass und 2 Passfotos und Aufenthaltstitel","type":"file_upload","position":3,"required":true,"title_format":"label","default":"","description_enable":true,"description":"Bitte f\u00fcgen Sie zur Buchung einen Scan ihres Reisepasses. Falls erforderlich, beidseitiger Scan des Aufenthaltstitels und 2 Passfotos mit wei\u00dfen Hintergrund hinzu.","placeholder_enable":false,"placeholder":"","display":"select","restrictions_type":"any_text","adjust_price":false,"price":"","price_type":"flat_fee","restrictions":false,"min":"0","max":"0","options":[],"id":4}],"acf":[],"yoast_head":"<!-- This site is optimized with the Yoast SEO plugin v25.8 - https:\/\/yoast.com\/wordpress\/plugins\/seo\/ -->\n<title>August Umrah - Vierbett \u2013 5. \u2013 15. 2025 August - islamicheck<\/title>\n<meta name=\"robots\" content=\"index, follow, max-snippet:-1, max-image-preview:large, max-video-preview:-1\" \/>\n<link rel=\"canonical\" href=\"https:\/\/islamicheck.de\/en\/shop\/august-umrah-vierbett-5-15-2025-august\/\" \/>\n<meta property=\"og:locale\" content=\"en_US\" \/>\n<meta property=\"og:type\" content=\"article\" \/>\n<meta property=\"og:title\" content=\"August Umrah - Vierbett \u2013 5. \u2013 15. 2025 August - islamicheck\" \/>\n<meta property=\"og:description\" content=\"5 Tage Medinah  5 Tage Mekkah\" \/>\n<meta property=\"og:url\" content=\"https:\/\/islamicheck.de\/en\/shop\/august-umrah-vierbett-5-15-2025-august\/\" \/>\n<meta property=\"og:site_name\" content=\"islamicheck\" \/>\n<meta property=\"article:modified_time\" content=\"2025-07-17T11:13:59+00:00\" \/>\n<meta name=\"twitter:card\" content=\"summary_large_image\" \/>\n<meta name=\"twitter:label1\" content=\"Est. reading time\" \/>\n\t<meta name=\"twitter:data1\" content=\"1 minute\" \/>\n<script type=\"application\/ld+json\" class=\"yoast-schema-graph\">{\"@context\":\"https:\/\/schema.org\",\"@graph\":[{\"@type\":\"WebPage\",\"@id\":\"https:\/\/islamicheck.de\/shop\/august-umrah-vierbett-5-15-2025-august\/\",\"url\":\"https:\/\/islamicheck.de\/shop\/august-umrah-vierbett-5-15-2025-august\/\",\"name\":\"August Umrah - Vierbett \u2013 5. \u2013 15. 2025 August - islamicheck\",\"isPartOf\":{\"@id\":\"https:\/\/islamicheck.de\/#website\"},\"datePublished\":\"2025-06-14T12:58:25+00:00\",\"dateModified\":\"2025-07-17T11:13:59+00:00\",\"breadcrumb\":{\"@id\":\"https:\/\/islamicheck.de\/shop\/august-umrah-vierbett-5-15-2025-august\/#breadcrumb\"},\"inLanguage\":\"en-US\",\"potentialAction\":[{\"@type\":\"ReadAction\",\"target\":[\"https:\/\/islamicheck.de\/shop\/august-umrah-vierbett-5-15-2025-august\/\"]}]},{\"@type\":\"BreadcrumbList\",\"@id\":\"https:\/\/islamicheck.de\/shop\/august-umrah-vierbett-5-15-2025-august\/#breadcrumb\",\"itemListElement\":[{\"@type\":\"ListItem\",\"position\":1,\"name\":\"Home\",\"item\":\"https:\/\/islamicheck.de\/\"},{\"@type\":\"ListItem\",\"position\":2,\"name\":\"Produkte\",\"item\":\"https:\/\/islamicheck.de\/shop\/\"},{\"@type\":\"ListItem\",\"position\":3,\"name\":\"August Umrah &#8211; Vierbett \u2013 5. \u2013 15. 2025 August\"}]},{\"@type\":\"WebSite\",\"@id\":\"https:\/\/islamicheck.de\/#website\",\"url\":\"https:\/\/islamicheck.de\/\",\"name\":\"islamicheck\",\"description\":\"\",\"publisher\":{\"@id\":\"https:\/\/islamicheck.de\/#organization\"},\"potentialAction\":[{\"@type\":\"SearchAction\",\"target\":{\"@type\":\"EntryPoint\",\"urlTemplate\":\"https:\/\/islamicheck.de\/?s={search_term_string}\"},\"query-input\":{\"@type\":\"PropertyValueSpecification\",\"valueRequired\":true,\"valueName\":\"search_term_string\"}}],\"inLanguage\":\"en-US\"},{\"@type\":\"Organization\",\"@id\":\"https:\/\/islamicheck.de\/#organization\",\"name\":\"islamicheck\",\"url\":\"https:\/\/islamicheck.de\/\",\"logo\":{\"@type\":\"ImageObject\",\"inLanguage\":\"en-US\",\"@id\":\"https:\/\/islamicheck.de\/#\/schema\/logo\/image\/\",\"url\":\"https:\/\/islamicheck.de\/wp-content\/uploads\/2025\/02\/Islamicheck-New-Logo-03.webp\",\"contentUrl\":\"https:\/\/islamicheck.de\/wp-content\/uploads\/2025\/02\/Islamicheck-New-Logo-03.webp\",\"width\":1327,\"height\":471,\"caption\":\"islamicheck\"},\"image\":{\"@id\":\"https:\/\/islamicheck.de\/#\/schema\/logo\/image\/\"}}]}<\/script>\n<!-- \/ Yoast SEO plugin. -->","yoast_head_json":{"title":"August Umrah - Vierbett \u2013 5. \u2013 15. 2025 August - islamicheck","robots":{"index":"index","follow":"follow","max-snippet":"max-snippet:-1","max-image-preview":"max-image-preview:large","max-video-preview":"max-video-preview:-1"},"canonical":"https:\/\/islamicheck.de\/en\/shop\/august-umrah-vierbett-5-15-2025-august\/","og_locale":"en_US","og_type":"article","og_title":"August Umrah - Vierbett \u2013 5. \u2013 15. 2025 August - islamicheck","og_description":"5 Tage Medinah  5 Tage Mekkah","og_url":"https:\/\/islamicheck.de\/en\/shop\/august-umrah-vierbett-5-15-2025-august\/","og_site_name":"islamicheck","article_modified_time":"2025-07-17T11:13:59+00:00","twitter_card":"summary_large_image","twitter_misc":{"Est. reading time":"1 minute"},"schema":{"@context":"https:\/\/schema.org","@graph":[{"@type":"WebPage","@id":"https:\/\/islamicheck.de\/shop\/august-umrah-vierbett-5-15-2025-august\/","url":"https:\/\/islamicheck.de\/shop\/august-umrah-vierbett-5-15-2025-august\/","name":"August Umrah - Vierbett \u2013 5. \u2013 15. 2025 August - islamicheck","isPartOf":{"@id":"https:\/\/islamicheck.de\/#website"},"datePublished":"2025-06-14T12:58:25+00:00","dateModified":"2025-07-17T11:13:59+00:00","breadcrumb":{"@id":"https:\/\/islamicheck.de\/shop\/august-umrah-vierbett-5-15-2025-august\/#breadcrumb"},"inLanguage":"en-US","potentialAction":[{"@type":"ReadAction","target":["https:\/\/islamicheck.de\/shop\/august-umrah-vierbett-5-15-2025-august\/"]}]},{"@type":"BreadcrumbList","@id":"https:\/\/islamicheck.de\/shop\/august-umrah-vierbett-5-15-2025-august\/#breadcrumb","itemListElement":[{"@type":"ListItem","position":1,"name":"Home","item":"https:\/\/islamicheck.de\/"},{"@type":"ListItem","position":2,"name":"Produkte","item":"https:\/\/islamicheck.de\/shop\/"},{"@type":"ListItem","position":3,"name":"August Umrah &#8211; Vierbett \u2013 5. \u2013 15. 2025 August"}]},{"@type":"WebSite","@id":"https:\/\/islamicheck.de\/#website","url":"https:\/\/islamicheck.de\/","name":"islamicheck","description":"","publisher":{"@id":"https:\/\/islamicheck.de\/#organization"},"potentialAction":[{"@type":"SearchAction","target":{"@type":"EntryPoint","urlTemplate":"https:\/\/islamicheck.de\/?s={search_term_string}"},"query-input":{"@type":"PropertyValueSpecification","valueRequired":true,"valueName":"search_term_string"}}],"inLanguage":"en-US"},{"@type":"Organization","@id":"https:\/\/islamicheck.de\/#organization","name":"islamicheck","url":"https:\/\/islamicheck.de\/","logo":{"@type":"ImageObject","inLanguage":"en-US","@id":"https:\/\/islamicheck.de\/#\/schema\/logo\/image\/","url":"https:\/\/islamicheck.de\/wp-content\/uploads\/2025\/02\/Islamicheck-New-Logo-03.webp","contentUrl":"https:\/\/islamicheck.de\/wp-content\/uploads\/2025\/02\/Islamicheck-New-Logo-03.webp","width":1327,"height":471,"caption":"islamicheck"},"image":{"@id":"https:\/\/islamicheck.de\/#\/schema\/logo\/image\/"}}]}},"_links":{"self":[{"href":"https:\/\/islamicheck.de\/en\/wp-json\/wp\/v2\/product\/14827","targetHints":{"allow":["GET"]}}],"collection":[{"href":"https:\/\/islamicheck.de\/en\/wp-json\/wp\/v2\/product"}],"about":[{"href":"https:\/\/islamicheck.de\/en\/wp-json\/wp\/v2\/types\/product"}],"replies":[{"embeddable":true,"href":"https:\/\/islamicheck.de\/en\/wp-json\/wp\/v2\/comments?post=14827"}],"wp:attachment":[{"href":"https:\/\/islamicheck.de\/en\/wp-json\/wp\/v2\/media?parent=14827"}],"wp:term":[{"taxonomy":"product_brand","embeddable":true,"href":"https:\/\/islamicheck.de\/en\/wp-json\/wp\/v2\/product_brand?post=14827"},{"taxonomy":"product_cat","embeddable":true,"href":"https:\/\/islamicheck.de\/en\/wp-json\/wp\/v2\/product_cat?post=14827"},{"taxonomy":"product_tag","embeddable":true,"href":"https:\/\/islamicheck.de\/en\/wp-json\/wp\/v2\/product_tag?post=14827"}],"curies":[{"name":"wp","href":"https:\/\/api.w.org\/{rel}","templated":true}]}}