{"id":15707,"date":"2025-07-08T14:05:04","date_gmt":"2025-07-08T09:05:04","guid":{"rendered":"https:\/\/islamicheck.azurewebsites.net\/?post_type=product&#038;p=15707"},"modified":"2025-07-14T19:17:09","modified_gmt":"2025-07-14T14:17:09","slug":"umra-september","status":"publish","type":"product","link":"https:\/\/islamicheck.de\/en\/shop\/umra-september\/","title":{"rendered":"Umra September von 04.09 bis 16.09.2025"},"content":{"rendered":"<p>Unsere gemeinsame Reise beginnt ab K\u00f6ln mit Air Cairo \u2013 ideal f\u00fcr Familien, Gruppen oder Sparf\u00fcchse, die sich den Traum einer Umrah erf\u00fcllen m\u00f6chten, ohne auf Qualit\u00e4t zu verzichten. Wir fliegen zun\u00e4chst nach Jeddah und fahren wir weiter nach Mekka, um gemeinsam die Umrah zu vollziehen \u2013 ein besonderer Moment zwischen dir und Allah. In Mekka begleiten uns weitere emotionale Vortr\u00e4ge, Besichtigungen und die t\u00e4glichen Gebete in der al-Haram-Moschee, dem Ort des Hunderttausend fachen Lohns. Von dort aus reisen wir weiter in die segensreiche Stadt Medina, die Stadt des Propheten \ufdfa. Dort erwartet dich eine besondere Atmosph\u00e4re: Besuche in der Prophetenmoschee, inspirierende spirituelle Runden, Reflexionen und Vortr\u00e4ge, die Herz und Verstand bewegen. Highlights wie der Besuch der Rawda, des Bergs Uhud und weiterer bedeutender Orte geh\u00f6ren dazu<\/p>\n<p>Am Ende kehren wir mit gest\u00e4rktem \u012am\u0101n, gereinigtem Herzen. Nach einigen Tagen in Medina fahren unvergesslichen Eindr\u00fccken zur\u00fcck nach Hause \u2013 inshallah. \ud83d\udcbc Inklusive: \u00a0Organisation, Reiseleitung &amp; spirituelle Begleitung \u2013 perfekt abgestimmt auf Familien und Gruppen mit begrenztem Budget.<\/p>","protected":false},"excerpt":{"rendered":"<p>Wir bieten Umrah Reisepakete f\u00fcr alle Altersgruppen an. Die Reise beginnt mit dem Abflug, umfasst die Gebete so wie die Besuche in Mekka und Medina. Vor der Einreise in die Stadt Mekka, an der Grenze \u201aMiqat\u2018, legt man das Gewand \u201aIhram\u2018 an und spricht die Absicht zur Umrah aus. Ein qualifizierter und kompetenter Gruppenleiter mit Kenntnis \u00fcber die Abl\u00e4ufe und die Inhalte der Gebete begleitet Sie und steht f\u00fcr ihre Fragen im Laufe der Reise zur Verf\u00fcgung. Je nach Abflugfort bzw Airline kann sich die gr\u00f6\u00dfe des Gep\u00e4ckes ver\u00e4ndern . Man kommt in Jeddah an und die weiterfahrt ist mit dem Bus.<\/p>","protected":false},"featured_media":15744,"comment_status":"open","ping_status":"closed","template":"","meta":{"_acf_changed":false,"site-sidebar-layout":"default","site-content-layout":"","ast-site-content-layout":"","site-content-style":"default","site-sidebar-style":"default","ast-global-header-display":"","ast-banner-title-visibility":"","ast-main-header-display":"","ast-hfb-above-header-display":"","ast-hfb-below-header-display":"","ast-hfb-mobile-header-display":"","site-post-title":"","ast-breadcrumbs-content":"","ast-featured-img":"","footer-sml-layout":"","theme-transparent-header-meta":"","adv-header-id-meta":"","stick-header-meta":"","header-above-stick-meta":"","header-main-stick-meta":"","header-below-stick-meta":"","astra-migrate-meta-layouts":"default","ast-page-background-enabled":"default","ast-page-background-meta":{"desktop":{"background-color":"var(--ast-global-color-5)","background-image":"","background-repeat":"repeat","background-position":"center center","background-size":"auto","background-attachment":"scroll","background-type":"","background-media":"","overlay-type":"","overlay-color":"","overlay-opacity":"","overlay-gradient":""},"tablet":{"background-color":"","background-image":"","background-repeat":"repeat","background-position":"center center","background-size":"auto","background-attachment":"scroll","background-type":"","background-media":"","overlay-type":"","overlay-color":"","overlay-opacity":"","overlay-gradient":""},"mobile":{"background-color":"","background-image":"","background-repeat":"repeat","background-position":"center center","background-size":"auto","background-attachment":"scroll","background-type":"","background-media":"","overlay-type":"","overlay-color":"","overlay-opacity":"","overlay-gradient":""}},"ast-content-background-meta":{"desktop":{"background-color":"var(--ast-global-color-4)","background-image":"","background-repeat":"repeat","background-position":"center center","background-size":"auto","background-attachment":"scroll","background-type":"","background-media":"","overlay-type":"","overlay-color":"","overlay-opacity":"","overlay-gradient":""},"tablet":{"background-color":"var(--ast-global-color-4)","background-image":"","background-repeat":"repeat","background-position":"center center","background-size":"auto","background-attachment":"scroll","background-type":"","background-media":"","overlay-type":"","overlay-color":"","overlay-opacity":"","overlay-gradient":""},"mobile":{"background-color":"var(--ast-global-color-4)","background-image":"","background-repeat":"repeat","background-position":"center center","background-size":"auto","background-attachment":"scroll","background-type":"","background-media":"","overlay-type":"","overlay-color":"","overlay-opacity":"","overlay-gradient":""}}},"product_brand":[],"product_cat":[38],"product_tag":[],"class_list":{"0":"post-15707","1":"product","2":"type-product","3":"status-publish","4":"has-post-thumbnail","6":"product_cat-umrah","7":"desktop-align-left","8":"tablet-align-left","9":"mobile-align-left","11":"first","12":"instock","13":"virtual","14":"purchasable","15":"product-type-simple"},"exclude_global_add_ons":false,"addons":[{"name":"Reispass","type":"file_upload","position":0,"required":true,"title_format":"label","default":"","description_enable":true,"description":"Reisepass Kopie f\u00fcr europ\u00e4ische B\u00fcrger , Andernfalls Reisepasskopie und Aufenthalt Titel .","placeholder_enable":false,"placeholder":"","display":"select","restrictions_type":"any_text","adjust_price":false,"price":"","price_type":"flat_fee","restrictions":false,"min":"0","max":"0","options":[],"id":55}],"acf":[],"yoast_head":"<!-- This site is optimized with the Yoast SEO plugin v25.8 - https:\/\/yoast.com\/wordpress\/plugins\/seo\/ -->\n<title>Umra September von 04.09 bis 16.09.2025 - islamicheck<\/title>\n<meta name=\"robots\" content=\"index, follow, max-snippet:-1, max-image-preview:large, max-video-preview:-1\" \/>\n<link rel=\"canonical\" href=\"https:\/\/islamicheck.de\/en\/shop\/umra-september\/\" \/>\n<meta property=\"og:locale\" content=\"en_US\" \/>\n<meta property=\"og:type\" content=\"article\" \/>\n<meta property=\"og:title\" content=\"Umra September von 04.09 bis 16.09.2025 - islamicheck\" \/>\n<meta property=\"og:description\" content=\"Wir bieten Umrah Reisepakete f\u00fcr alle Altersgruppen an. Die Reise beginnt mit dem Abflug, umfasst die Gebete so wie die Besuche in Mekka und Medina. Vor der Einreise in die Stadt Mekka, an der Grenze \u201aMiqat\u2018, legt man das Gewand \u201aIhram\u2018 an und spricht die Absicht zur Umrah aus. Ein qualifizierter und kompetenter Gruppenleiter mit Kenntnis \u00fcber die Abl\u00e4ufe und die Inhalte der Gebete begleitet Sie und steht f\u00fcr ihre Fragen im Laufe der Reise zur Verf\u00fcgung. Je nach Abflugfort bzw Airline kann sich die gr\u00f6\u00dfe des Gep\u00e4ckes ver\u00e4ndern . Man kommt in Jeddah an und die weiterfahrt ist mit dem Bus.\" \/>\n<meta property=\"og:url\" content=\"https:\/\/islamicheck.de\/en\/shop\/umra-september\/\" \/>\n<meta property=\"og:site_name\" content=\"islamicheck\" \/>\n<meta property=\"article:modified_time\" content=\"2025-07-14T14:17:09+00:00\" \/>\n<meta property=\"og:image\" content=\"https:\/\/islamicheck.de\/wp-content\/uploads\/2025\/07\/Logo-Umra-September.jpg\" \/>\n\t<meta property=\"og:image:width\" content=\"1280\" \/>\n\t<meta property=\"og:image:height\" content=\"1280\" \/>\n\t<meta property=\"og:image:type\" content=\"image\/jpeg\" \/>\n<meta name=\"twitter:card\" content=\"summary_large_image\" \/>\n<meta name=\"twitter:label1\" content=\"Est. reading time\" \/>\n\t<meta name=\"twitter:data1\" content=\"1 minute\" \/>\n<script type=\"application\/ld+json\" class=\"yoast-schema-graph\">{\"@context\":\"https:\/\/schema.org\",\"@graph\":[{\"@type\":\"WebPage\",\"@id\":\"https:\/\/islamicheck.de\/shop\/umra-september\/\",\"url\":\"https:\/\/islamicheck.de\/shop\/umra-september\/\",\"name\":\"Umra September von 04.09 bis 16.09.2025 - islamicheck\",\"isPartOf\":{\"@id\":\"https:\/\/islamicheck.de\/#website\"},\"primaryImageOfPage\":{\"@id\":\"https:\/\/islamicheck.de\/shop\/umra-september\/#primaryimage\"},\"image\":{\"@id\":\"https:\/\/islamicheck.de\/shop\/umra-september\/#primaryimage\"},\"thumbnailUrl\":\"https:\/\/islamicheck.de\/wp-content\/uploads\/2025\/07\/Logo-Umra-September.jpg\",\"datePublished\":\"2025-07-08T09:05:04+00:00\",\"dateModified\":\"2025-07-14T14:17:09+00:00\",\"breadcrumb\":{\"@id\":\"https:\/\/islamicheck.de\/shop\/umra-september\/#breadcrumb\"},\"inLanguage\":\"en-US\",\"potentialAction\":[{\"@type\":\"ReadAction\",\"target\":[\"https:\/\/islamicheck.de\/shop\/umra-september\/\"]}]},{\"@type\":\"ImageObject\",\"inLanguage\":\"en-US\",\"@id\":\"https:\/\/islamicheck.de\/shop\/umra-september\/#primaryimage\",\"url\":\"https:\/\/islamicheck.de\/wp-content\/uploads\/2025\/07\/Logo-Umra-September.jpg\",\"contentUrl\":\"https:\/\/islamicheck.de\/wp-content\/uploads\/2025\/07\/Logo-Umra-September.jpg\",\"width\":1280,\"height\":1280},{\"@type\":\"BreadcrumbList\",\"@id\":\"https:\/\/islamicheck.de\/shop\/umra-september\/#breadcrumb\",\"itemListElement\":[{\"@type\":\"ListItem\",\"position\":1,\"name\":\"Home\",\"item\":\"https:\/\/islamicheck.de\/\"},{\"@type\":\"ListItem\",\"position\":2,\"name\":\"Produkte\",\"item\":\"https:\/\/islamicheck.de\/shop\/\"},{\"@type\":\"ListItem\",\"position\":3,\"name\":\"Umra September von 04.09 bis 16.09.2025\"}]},{\"@type\":\"WebSite\",\"@id\":\"https:\/\/islamicheck.de\/#website\",\"url\":\"https:\/\/islamicheck.de\/\",\"name\":\"islamicheck\",\"description\":\"\",\"publisher\":{\"@id\":\"https:\/\/islamicheck.de\/#organization\"},\"potentialAction\":[{\"@type\":\"SearchAction\",\"target\":{\"@type\":\"EntryPoint\",\"urlTemplate\":\"https:\/\/islamicheck.de\/?s={search_term_string}\"},\"query-input\":{\"@type\":\"PropertyValueSpecification\",\"valueRequired\":true,\"valueName\":\"search_term_string\"}}],\"inLanguage\":\"en-US\"},{\"@type\":\"Organization\",\"@id\":\"https:\/\/islamicheck.de\/#organization\",\"name\":\"islamicheck\",\"url\":\"https:\/\/islamicheck.de\/\",\"logo\":{\"@type\":\"ImageObject\",\"inLanguage\":\"en-US\",\"@id\":\"https:\/\/islamicheck.de\/#\/schema\/logo\/image\/\",\"url\":\"https:\/\/islamicheck.de\/wp-content\/uploads\/2025\/02\/Islamicheck-New-Logo-03.webp\",\"contentUrl\":\"https:\/\/islamicheck.de\/wp-content\/uploads\/2025\/02\/Islamicheck-New-Logo-03.webp\",\"width\":1327,\"height\":471,\"caption\":\"islamicheck\"},\"image\":{\"@id\":\"https:\/\/islamicheck.de\/#\/schema\/logo\/image\/\"}}]}<\/script>\n<!-- \/ Yoast SEO plugin. -->","yoast_head_json":{"title":"Umra September von 04.09 bis 16.09.2025 - islamicheck","robots":{"index":"index","follow":"follow","max-snippet":"max-snippet:-1","max-image-preview":"max-image-preview:large","max-video-preview":"max-video-preview:-1"},"canonical":"https:\/\/islamicheck.de\/en\/shop\/umra-september\/","og_locale":"en_US","og_type":"article","og_title":"Umra September von 04.09 bis 16.09.2025 - islamicheck","og_description":"Wir bieten Umrah Reisepakete f\u00fcr alle Altersgruppen an. Die Reise beginnt mit dem Abflug, umfasst die Gebete so wie die Besuche in Mekka und Medina. Vor der Einreise in die Stadt Mekka, an der Grenze \u201aMiqat\u2018, legt man das Gewand \u201aIhram\u2018 an und spricht die Absicht zur Umrah aus. Ein qualifizierter und kompetenter Gruppenleiter mit Kenntnis \u00fcber die Abl\u00e4ufe und die Inhalte der Gebete begleitet Sie und steht f\u00fcr ihre Fragen im Laufe der Reise zur Verf\u00fcgung. Je nach Abflugfort bzw Airline kann sich die gr\u00f6\u00dfe des Gep\u00e4ckes ver\u00e4ndern . Man kommt in Jeddah an und die weiterfahrt ist mit dem Bus.","og_url":"https:\/\/islamicheck.de\/en\/shop\/umra-september\/","og_site_name":"islamicheck","article_modified_time":"2025-07-14T14:17:09+00:00","og_image":[{"width":1280,"height":1280,"url":"https:\/\/islamicheck.de\/wp-content\/uploads\/2025\/07\/Logo-Umra-September.jpg","type":"image\/jpeg"}],"twitter_card":"summary_large_image","twitter_misc":{"Est. reading time":"1 minute"},"schema":{"@context":"https:\/\/schema.org","@graph":[{"@type":"WebPage","@id":"https:\/\/islamicheck.de\/shop\/umra-september\/","url":"https:\/\/islamicheck.de\/shop\/umra-september\/","name":"Umra September von 04.09 bis 16.09.2025 - islamicheck","isPartOf":{"@id":"https:\/\/islamicheck.de\/#website"},"primaryImageOfPage":{"@id":"https:\/\/islamicheck.de\/shop\/umra-september\/#primaryimage"},"image":{"@id":"https:\/\/islamicheck.de\/shop\/umra-september\/#primaryimage"},"thumbnailUrl":"https:\/\/islamicheck.de\/wp-content\/uploads\/2025\/07\/Logo-Umra-September.jpg","datePublished":"2025-07-08T09:05:04+00:00","dateModified":"2025-07-14T14:17:09+00:00","breadcrumb":{"@id":"https:\/\/islamicheck.de\/shop\/umra-september\/#breadcrumb"},"inLanguage":"en-US","potentialAction":[{"@type":"ReadAction","target":["https:\/\/islamicheck.de\/shop\/umra-september\/"]}]},{"@type":"ImageObject","inLanguage":"en-US","@id":"https:\/\/islamicheck.de\/shop\/umra-september\/#primaryimage","url":"https:\/\/islamicheck.de\/wp-content\/uploads\/2025\/07\/Logo-Umra-September.jpg","contentUrl":"https:\/\/islamicheck.de\/wp-content\/uploads\/2025\/07\/Logo-Umra-September.jpg","width":1280,"height":1280},{"@type":"BreadcrumbList","@id":"https:\/\/islamicheck.de\/shop\/umra-september\/#breadcrumb","itemListElement":[{"@type":"ListItem","position":1,"name":"Home","item":"https:\/\/islamicheck.de\/"},{"@type":"ListItem","position":2,"name":"Produkte","item":"https:\/\/islamicheck.de\/shop\/"},{"@type":"ListItem","position":3,"name":"Umra September von 04.09 bis 16.09.2025"}]},{"@type":"WebSite","@id":"https:\/\/islamicheck.de\/#website","url":"https:\/\/islamicheck.de\/","name":"islamicheck","description":"","publisher":{"@id":"https:\/\/islamicheck.de\/#organization"},"potentialAction":[{"@type":"SearchAction","target":{"@type":"EntryPoint","urlTemplate":"https:\/\/islamicheck.de\/?s={search_term_string}"},"query-input":{"@type":"PropertyValueSpecification","valueRequired":true,"valueName":"search_term_string"}}],"inLanguage":"en-US"},{"@type":"Organization","@id":"https:\/\/islamicheck.de\/#organization","name":"islamicheck","url":"https:\/\/islamicheck.de\/","logo":{"@type":"ImageObject","inLanguage":"en-US","@id":"https:\/\/islamicheck.de\/#\/schema\/logo\/image\/","url":"https:\/\/islamicheck.de\/wp-content\/uploads\/2025\/02\/Islamicheck-New-Logo-03.webp","contentUrl":"https:\/\/islamicheck.de\/wp-content\/uploads\/2025\/02\/Islamicheck-New-Logo-03.webp","width":1327,"height":471,"caption":"islamicheck"},"image":{"@id":"https:\/\/islamicheck.de\/#\/schema\/logo\/image\/"}}]}},"_links":{"self":[{"href":"https:\/\/islamicheck.de\/en\/wp-json\/wp\/v2\/product\/15707","targetHints":{"allow":["GET"]}}],"collection":[{"href":"https:\/\/islamicheck.de\/en\/wp-json\/wp\/v2\/product"}],"about":[{"href":"https:\/\/islamicheck.de\/en\/wp-json\/wp\/v2\/types\/product"}],"replies":[{"embeddable":true,"href":"https:\/\/islamicheck.de\/en\/wp-json\/wp\/v2\/comments?post=15707"}],"wp:featuredmedia":[{"embeddable":true,"href":"https:\/\/islamicheck.de\/en\/wp-json\/wp\/v2\/media\/15744"}],"wp:attachment":[{"href":"https:\/\/islamicheck.de\/en\/wp-json\/wp\/v2\/media?parent=15707"}],"wp:term":[{"taxonomy":"product_brand","embeddable":true,"href":"https:\/\/islamicheck.de\/en\/wp-json\/wp\/v2\/product_brand?post=15707"},{"taxonomy":"product_cat","embeddable":true,"href":"https:\/\/islamicheck.de\/en\/wp-json\/wp\/v2\/product_cat?post=15707"},{"taxonomy":"product_tag","embeddable":true,"href":"https:\/\/islamicheck.de\/en\/wp-json\/wp\/v2\/product_tag?post=15707"}],"curies":[{"name":"wp","href":"https:\/\/api.w.org\/{rel}","templated":true}]}}