{"id":15958,"date":"2025-10-15T16:37:17","date_gmt":"2025-10-15T11:37:17","guid":{"rendered":"https:\/\/islamicheck.de\/?post_type=product&#038;p=15958"},"modified":"2025-10-16T15:21:31","modified_gmt":"2025-10-16T10:21:31","slug":"mecca-travel-umrah-reise-im-dezember","status":"publish","type":"product","link":"https:\/\/islamicheck.de\/en\/shop\/mecca-travel-umrah-reise-im-dezember\/","title":{"rendered":"Mecca Travel Umrah Reise Ende Dezember"},"content":{"rendered":"<p>Unsere gesegnete Umrah-Reise mit Mekka Travel<\/p>\n<p>Assalamu Alaikum liebe Geschwister,<br \/>\nmit gro\u00dfer Freude laden wir euch ein, uns auf eine unvergessliche Umrah-Reise zu begleiten. Diese Reise ist mehr als nur eine Fahrt \u2013 sie ist eine spirituelle Einladung, Allah (swt) n\u00e4herzukommen und gesegnete Orte zu besuchen, die unser Herz ber\u00fchren.<\/p>\n<p>Reiseablauf:<br \/>\n\u2708\ufe0f 25.12.20225 \u2013 Abflug von Frankfurt nach Amman, Weiterflug nach Medina.<br \/>\n\ud83d\udd4c Medina \u2013 3 Tage Aufenthalt:<br \/>\nIhr d\u00fcrft die Prophetenmoschee (Al-Masjid an-Nabawi) besuchen und in der N\u00e4he des geliebten Propheten \ufdfa verweilen. Besonders freuen wir uns, dass der Besuch der Rauda Sharifa bereits fest f\u00fcr euch gebucht und inklusive ist \u2013 ein unbeschreiblicher Moment voller Baraka.<\/p>\n<p>\ud83d\ude8c Anschlie\u00dfend fahren wir mit dem Bus weiter nach Mekka. Dort verbringen wir die restliche Zeit, verrichten unsere Umrah und haben Gelegenheit, viele besondere Orte zu besuchen.<\/p>\n<p>\u2708\ufe0f Der R\u00fcckflug erfolgt am 07.01.2026 ab Jeddah \u00fcber Amman zur\u00fcck nach Frankfurt.<\/p>\n<p>Das ist im Reisepaket enthalten:<br \/>\n\u2714\ufe0f Alle Ausfl\u00fcge und Transfers<br \/>\n\u2714\ufe0f Unterkunft in 4-Bett-Zimmern (2-Bett-Zimmer gegen Aufpreis m\u00f6glich)<br \/>\n\u2714\ufe0f Besuch der Rauda Sharifa (bereits reserviert und inklusive)<br \/>\n\u2714\ufe0f Verpflegung optional gegen Aufpreis buchbar<\/p>\n<p>\u2714\ufe0fVisumbeschaffung<\/p>\n<p>\u2714\ufe0fFlug mit Royal Jordanian<\/p>","protected":false},"excerpt":{"rendered":"<p>Wir bieten diese Umrah Reise vom 25.12, bis 07.01.2025 von Frankfurt.<\/p>","protected":false},"featured_media":0,"comment_status":"open","ping_status":"closed","template":"","meta":{"_acf_changed":false,"site-sidebar-layout":"default","site-content-layout":"","ast-site-content-layout":"","site-content-style":"default","site-sidebar-style":"default","ast-global-header-display":"","ast-banner-title-visibility":"","ast-main-header-display":"","ast-hfb-above-header-display":"","ast-hfb-below-header-display":"","ast-hfb-mobile-header-display":"","site-post-title":"","ast-breadcrumbs-content":"","ast-featured-img":"","footer-sml-layout":"","theme-transparent-header-meta":"","adv-header-id-meta":"","stick-header-meta":"","header-above-stick-meta":"","header-main-stick-meta":"","header-below-stick-meta":"","astra-migrate-meta-layouts":"default","ast-page-background-enabled":"default","ast-page-background-meta":{"desktop":{"background-color":"var(--ast-global-color-5)","background-image":"","background-repeat":"repeat","background-position":"center center","background-size":"auto","background-attachment":"scroll","background-type":"","background-media":"","overlay-type":"","overlay-color":"","overlay-opacity":"","overlay-gradient":""},"tablet":{"background-color":"","background-image":"","background-repeat":"repeat","background-position":"center center","background-size":"auto","background-attachment":"scroll","background-type":"","background-media":"","overlay-type":"","overlay-color":"","overlay-opacity":"","overlay-gradient":""},"mobile":{"background-color":"","background-image":"","background-repeat":"repeat","background-position":"center center","background-size":"auto","background-attachment":"scroll","background-type":"","background-media":"","overlay-type":"","overlay-color":"","overlay-opacity":"","overlay-gradient":""}},"ast-content-background-meta":{"desktop":{"background-color":"var(--ast-global-color-4)","background-image":"","background-repeat":"repeat","background-position":"center center","background-size":"auto","background-attachment":"scroll","background-type":"","background-media":"","overlay-type":"","overlay-color":"","overlay-opacity":"","overlay-gradient":""},"tablet":{"background-color":"var(--ast-global-color-4)","background-image":"","background-repeat":"repeat","background-position":"center center","background-size":"auto","background-attachment":"scroll","background-type":"","background-media":"","overlay-type":"","overlay-color":"","overlay-opacity":"","overlay-gradient":""},"mobile":{"background-color":"var(--ast-global-color-4)","background-image":"","background-repeat":"repeat","background-position":"center center","background-size":"auto","background-attachment":"scroll","background-type":"","background-media":"","overlay-type":"","overlay-color":"","overlay-opacity":"","overlay-gradient":""}}},"product_brand":[],"product_cat":[38],"product_tag":[],"class_list":{"0":"post-15958","1":"product","2":"type-product","3":"status-publish","5":"product_cat-umrah","6":"desktop-align-left","7":"tablet-align-left","8":"mobile-align-left","10":"first","11":"instock","12":"virtual","13":"sold-individually","14":"purchasable","15":"product-type-simple"},"exclude_global_add_ons":[],"addons":[],"acf":[],"yoast_head":"<!-- This site is optimized with the Yoast SEO plugin v25.8 - https:\/\/yoast.com\/wordpress\/plugins\/seo\/ -->\n<title>Mecca Travel Umrah Reise Ende Dezember - islamicheck<\/title>\n<meta name=\"robots\" content=\"index, follow, max-snippet:-1, max-image-preview:large, max-video-preview:-1\" \/>\n<link rel=\"canonical\" href=\"https:\/\/islamicheck.de\/en\/shop\/mecca-travel-umrah-reise-im-dezember\/\" \/>\n<meta property=\"og:locale\" content=\"en_US\" \/>\n<meta property=\"og:type\" content=\"article\" \/>\n<meta property=\"og:title\" content=\"Mecca Travel Umrah Reise Ende Dezember - islamicheck\" \/>\n<meta property=\"og:description\" content=\"Wir bieten diese Umrah Reise vom 25.12, bis 07.01.2025 von Frankfurt.\" \/>\n<meta property=\"og:url\" content=\"https:\/\/islamicheck.de\/en\/shop\/mecca-travel-umrah-reise-im-dezember\/\" \/>\n<meta property=\"og:site_name\" content=\"islamicheck\" \/>\n<meta property=\"article:modified_time\" content=\"2025-10-16T10:21:31+00:00\" \/>\n<meta name=\"twitter:card\" content=\"summary_large_image\" \/>\n<meta name=\"twitter:label1\" content=\"Est. reading time\" \/>\n\t<meta name=\"twitter:data1\" content=\"1 minute\" \/>\n<script type=\"application\/ld+json\" class=\"yoast-schema-graph\">{\"@context\":\"https:\/\/schema.org\",\"@graph\":[{\"@type\":\"WebPage\",\"@id\":\"https:\/\/islamicheck.de\/shop\/mecca-travel-umrah-reise-im-dezember\/\",\"url\":\"https:\/\/islamicheck.de\/shop\/mecca-travel-umrah-reise-im-dezember\/\",\"name\":\"Mecca Travel Umrah Reise Ende Dezember - islamicheck\",\"isPartOf\":{\"@id\":\"https:\/\/islamicheck.de\/#website\"},\"datePublished\":\"2025-10-15T11:37:17+00:00\",\"dateModified\":\"2025-10-16T10:21:31+00:00\",\"breadcrumb\":{\"@id\":\"https:\/\/islamicheck.de\/shop\/mecca-travel-umrah-reise-im-dezember\/#breadcrumb\"},\"inLanguage\":\"en-US\",\"potentialAction\":[{\"@type\":\"ReadAction\",\"target\":[\"https:\/\/islamicheck.de\/shop\/mecca-travel-umrah-reise-im-dezember\/\"]}]},{\"@type\":\"BreadcrumbList\",\"@id\":\"https:\/\/islamicheck.de\/shop\/mecca-travel-umrah-reise-im-dezember\/#breadcrumb\",\"itemListElement\":[{\"@type\":\"ListItem\",\"position\":1,\"name\":\"Home\",\"item\":\"https:\/\/islamicheck.de\/\"},{\"@type\":\"ListItem\",\"position\":2,\"name\":\"Produkte\",\"item\":\"https:\/\/islamicheck.de\/shop\/\"},{\"@type\":\"ListItem\",\"position\":3,\"name\":\"Mecca Travel Umrah Reise Ende Dezember\"}]},{\"@type\":\"WebSite\",\"@id\":\"https:\/\/islamicheck.de\/#website\",\"url\":\"https:\/\/islamicheck.de\/\",\"name\":\"islamicheck\",\"description\":\"\",\"publisher\":{\"@id\":\"https:\/\/islamicheck.de\/#organization\"},\"potentialAction\":[{\"@type\":\"SearchAction\",\"target\":{\"@type\":\"EntryPoint\",\"urlTemplate\":\"https:\/\/islamicheck.de\/?s={search_term_string}\"},\"query-input\":{\"@type\":\"PropertyValueSpecification\",\"valueRequired\":true,\"valueName\":\"search_term_string\"}}],\"inLanguage\":\"en-US\"},{\"@type\":\"Organization\",\"@id\":\"https:\/\/islamicheck.de\/#organization\",\"name\":\"islamicheck\",\"url\":\"https:\/\/islamicheck.de\/\",\"logo\":{\"@type\":\"ImageObject\",\"inLanguage\":\"en-US\",\"@id\":\"https:\/\/islamicheck.de\/#\/schema\/logo\/image\/\",\"url\":\"https:\/\/islamicheck.de\/wp-content\/uploads\/2025\/02\/Islamicheck-New-Logo-03.webp\",\"contentUrl\":\"https:\/\/islamicheck.de\/wp-content\/uploads\/2025\/02\/Islamicheck-New-Logo-03.webp\",\"width\":1327,\"height\":471,\"caption\":\"islamicheck\"},\"image\":{\"@id\":\"https:\/\/islamicheck.de\/#\/schema\/logo\/image\/\"}}]}<\/script>\n<!-- \/ Yoast SEO plugin. -->","yoast_head_json":{"title":"Mecca Travel Umrah Reise Ende Dezember - islamicheck","robots":{"index":"index","follow":"follow","max-snippet":"max-snippet:-1","max-image-preview":"max-image-preview:large","max-video-preview":"max-video-preview:-1"},"canonical":"https:\/\/islamicheck.de\/en\/shop\/mecca-travel-umrah-reise-im-dezember\/","og_locale":"en_US","og_type":"article","og_title":"Mecca Travel Umrah Reise Ende Dezember - islamicheck","og_description":"Wir bieten diese Umrah Reise vom 25.12, bis 07.01.2025 von Frankfurt.","og_url":"https:\/\/islamicheck.de\/en\/shop\/mecca-travel-umrah-reise-im-dezember\/","og_site_name":"islamicheck","article_modified_time":"2025-10-16T10:21:31+00:00","twitter_card":"summary_large_image","twitter_misc":{"Est. reading time":"1 minute"},"schema":{"@context":"https:\/\/schema.org","@graph":[{"@type":"WebPage","@id":"https:\/\/islamicheck.de\/shop\/mecca-travel-umrah-reise-im-dezember\/","url":"https:\/\/islamicheck.de\/shop\/mecca-travel-umrah-reise-im-dezember\/","name":"Mecca Travel Umrah Reise Ende Dezember - islamicheck","isPartOf":{"@id":"https:\/\/islamicheck.de\/#website"},"datePublished":"2025-10-15T11:37:17+00:00","dateModified":"2025-10-16T10:21:31+00:00","breadcrumb":{"@id":"https:\/\/islamicheck.de\/shop\/mecca-travel-umrah-reise-im-dezember\/#breadcrumb"},"inLanguage":"en-US","potentialAction":[{"@type":"ReadAction","target":["https:\/\/islamicheck.de\/shop\/mecca-travel-umrah-reise-im-dezember\/"]}]},{"@type":"BreadcrumbList","@id":"https:\/\/islamicheck.de\/shop\/mecca-travel-umrah-reise-im-dezember\/#breadcrumb","itemListElement":[{"@type":"ListItem","position":1,"name":"Home","item":"https:\/\/islamicheck.de\/"},{"@type":"ListItem","position":2,"name":"Produkte","item":"https:\/\/islamicheck.de\/shop\/"},{"@type":"ListItem","position":3,"name":"Mecca Travel Umrah Reise Ende Dezember"}]},{"@type":"WebSite","@id":"https:\/\/islamicheck.de\/#website","url":"https:\/\/islamicheck.de\/","name":"islamicheck","description":"","publisher":{"@id":"https:\/\/islamicheck.de\/#organization"},"potentialAction":[{"@type":"SearchAction","target":{"@type":"EntryPoint","urlTemplate":"https:\/\/islamicheck.de\/?s={search_term_string}"},"query-input":{"@type":"PropertyValueSpecification","valueRequired":true,"valueName":"search_term_string"}}],"inLanguage":"en-US"},{"@type":"Organization","@id":"https:\/\/islamicheck.de\/#organization","name":"islamicheck","url":"https:\/\/islamicheck.de\/","logo":{"@type":"ImageObject","inLanguage":"en-US","@id":"https:\/\/islamicheck.de\/#\/schema\/logo\/image\/","url":"https:\/\/islamicheck.de\/wp-content\/uploads\/2025\/02\/Islamicheck-New-Logo-03.webp","contentUrl":"https:\/\/islamicheck.de\/wp-content\/uploads\/2025\/02\/Islamicheck-New-Logo-03.webp","width":1327,"height":471,"caption":"islamicheck"},"image":{"@id":"https:\/\/islamicheck.de\/#\/schema\/logo\/image\/"}}]}},"_links":{"self":[{"href":"https:\/\/islamicheck.de\/en\/wp-json\/wp\/v2\/product\/15958","targetHints":{"allow":["GET"]}}],"collection":[{"href":"https:\/\/islamicheck.de\/en\/wp-json\/wp\/v2\/product"}],"about":[{"href":"https:\/\/islamicheck.de\/en\/wp-json\/wp\/v2\/types\/product"}],"replies":[{"embeddable":true,"href":"https:\/\/islamicheck.de\/en\/wp-json\/wp\/v2\/comments?post=15958"}],"wp:attachment":[{"href":"https:\/\/islamicheck.de\/en\/wp-json\/wp\/v2\/media?parent=15958"}],"wp:term":[{"taxonomy":"product_brand","embeddable":true,"href":"https:\/\/islamicheck.de\/en\/wp-json\/wp\/v2\/product_brand?post=15958"},{"taxonomy":"product_cat","embeddable":true,"href":"https:\/\/islamicheck.de\/en\/wp-json\/wp\/v2\/product_cat?post=15958"},{"taxonomy":"product_tag","embeddable":true,"href":"https:\/\/islamicheck.de\/en\/wp-json\/wp\/v2\/product_tag?post=15958"}],"curies":[{"name":"wp","href":"https:\/\/api.w.org\/{rel}","templated":true}]}}